{"id":412,"date":"2019-02-05T11:57:22","date_gmt":"2019-02-05T10:57:22","guid":{"rendered":"http:\/\/lacyclerie-leon.fr\/?page_id=412"},"modified":"2019-05-25T15:07:02","modified_gmt":"2019-05-25T13:07:02","slug":"mentions-legales","status":"publish","type":"page","link":"http:\/\/lacyclerie-leon.fr\/es\/mentions-legales\/","title":{"rendered":"Informaci\u00f3n jur\u00eddica"},"content":{"rendered":"<div data-elementor-type=\"wp-post\" data-elementor-id=\"412\" class=\"elementor elementor-412\" data-elementor-post-type=\"page\">\n\t\t\t\t\t\t<section class=\"elementor-section elementor-top-section elementor-element elementor-element-c35fdfb elementor-section-stretched elementor-section-full_width elementor-section-height-default elementor-section-height-default\" data-id=\"c35fdfb\" data-element_type=\"section\" data-e-type=\"section\" data-settings=\"{&quot;stretch_section&quot;:&quot;section-stretched&quot;,&quot;background_background&quot;:&quot;classic&quot;}\">\n\t\t\t\t\t\t<div class=\"elementor-container elementor-column-gap-default\">\n\t\t\t\t\t<div class=\"elementor-column elementor-col-100 elementor-top-column elementor-element elementor-element-7beebd7\" data-id=\"7beebd7\" data-element_type=\"column\" data-e-type=\"column\">\n\t\t\t<div class=\"elementor-widget-wrap elementor-element-populated\">\n\t\t\t\t\t\t<div class=\"elementor-element elementor-element-c7aef81 elementor-widget elementor-widget-heading\" data-id=\"c7aef81\" data-element_type=\"widget\" data-e-type=\"widget\" data-widget_type=\"heading.default\">\n\t\t\t\t<div class=\"elementor-widget-container\">\n\t\t\t\t\t<h2 class=\"elementor-heading-title elementor-size-default\">Informaci\u00f3n jur\u00eddica<\/h2>\t\t\t\t<\/div>\n\t\t\t\t<\/div>\n\t\t\t\t\t<\/div>\n\t\t<\/div>\n\t\t\t\t\t<\/div>\n\t\t<\/section>\n\t\t\t\t<section class=\"elementor-section elementor-top-section elementor-element elementor-element-62bfa9b elementor-section-boxed elementor-section-height-default elementor-section-height-default\" data-id=\"62bfa9b\" data-element_type=\"section\" data-e-type=\"section\">\n\t\t\t\t\t\t<div class=\"elementor-container elementor-column-gap-default\">\n\t\t\t\t\t<div class=\"elementor-column elementor-col-100 elementor-top-column elementor-element elementor-element-27d9270\" data-id=\"27d9270\" data-element_type=\"column\" data-e-type=\"column\">\n\t\t\t<div class=\"elementor-widget-wrap elementor-element-populated\">\n\t\t\t\t\t\t<div class=\"elementor-element elementor-element-16c29ea elementor-widget elementor-widget-text-editor\" data-id=\"16c29ea\" data-element_type=\"widget\" data-e-type=\"widget\" data-widget_type=\"text-editor.default\">\n\t\t\t\t<div class=\"elementor-widget-container\">\n\t\t\t\t\t\t\t\t\t<div class=\"vc_row wpb_row vc_row-fluid\"><div class=\"wpb_column vc_column_container vc_col-sm-8\"><div class=\"vc_column-inner\"><div class=\"wpb_wrapper\"><div class=\"wpb_text_column wpb_content_element\"><div class=\"wpb_wrapper\"><h2>Propietario :\u00a0<\/h2><p><strong>\u00a0<\/strong>SARL La Cyclerie L\u00e9on es propietaria del sitio web lacyclerie-leon.fr y de todos sus subdominios.<strong>\u00a0<\/strong>socios. Domicilio social: 27 place de docteur DUFAU, 40550 L\u00e9on.<\/p><h2>Publicado por :<\/h2><p>La web lacyclerie-leon.fr est\u00e1 publicada por La Cyclerie L\u00e9on. RC en curso.  Direcci\u00f3n de la sede social: 27 place du docteur Dufau, 40550 L\u00e9on.\u00a0<\/p><p>El sitio web lacyclerie-leon.fr est\u00e1 alojado en Francia, en los servidores de la empresa Obambu.<\/p><h2>Responsabilidad :<\/h2><p>El usuario es el \u00fanico responsable del uso de la informaci\u00f3n accesible a trav\u00e9s de este sitio. La Cyclerie L\u00e9on se reserva el derecho a modificar las presentes condiciones en cualquier momento, en particular mediante la actualizaci\u00f3n de este sitio.<\/p><h2>Enlaces de hipertexto<\/h2><p>Los sitios externos al sitio de SARL La Cyclerie L\u00e9on con un enlace de hipertexto hacia el presente sitio no est\u00e1n bajo el control de SARL La Cyclerie L\u00e9on, que por consiguiente declina toda responsabilidad en cuanto a su contenido. El usuario es el \u00fanico responsable de su utilizaci\u00f3n.<br \/>La creaci\u00f3n de enlaces de hipertexto hacia el sitio lacyclerie-leon.fr est\u00e1 sujeta al acuerdo previo de SARL La Cyclerie L\u00e9on. Para cualquier solicitud, puede enviar un mensaje a trav\u00e9s del sitio y su formulario de contacto. Derechos de autor<br \/>La sociedad SARL La Cyclerie L\u00e9on ha abierto este sitio para la informaci\u00f3n personal de sus usuarios. No se podr\u00e1 hacer ning\u00fan uso comercial, ni siquiera parcial, de los datos presentados en este sitio sin el consentimiento previo por escrito de la empresa SARL La Cyclerie L\u00e9on.<\/p><p>La presentaci\u00f3n y el contenido de este sitio constituyen en su conjunto una obra protegida por la legislaci\u00f3n vigente en materia de propiedad intelectual, de la que SARL La Cyclerie L\u00e9on es propietaria. Queda prohibida su reproducci\u00f3n y\/o representaci\u00f3n, total o parcial, sin el consentimiento previo por escrito de la empresa.<\/p><p>Los dibujos, fotograf\u00edas, im\u00e1genes, textos, secuencias animadas sonoras o no, y dem\u00e1s documentaci\u00f3n representada en este sitio Internet son objeto de derechos de propiedad industrial y\/o intelectual y son, seg\u00fan los casos, propiedad de SARL La Cyclerie L\u00e9on o de terceros que han autorizado al sitio lacyclerie-leon.fr a utilizarlos.<\/p><p>Queda prohibida, por tanto, cualquier reproducci\u00f3n, representaci\u00f3n, adaptaci\u00f3n, traducci\u00f3n y\/o transformaci\u00f3n, total o parcial, o transferencia a otro sitio. Se autoriza la copia para uso privado de estos diferentes objetos de derechos. Queda estrictamente prohibida la reproducci\u00f3n total o parcial sin el consentimiento previo por escrito de SARL La Cyclerie L\u00e9on, a excepci\u00f3n de la reproducci\u00f3n con fines de prensa.<\/p><p>La informaci\u00f3n contenida en este sitio no vincula contractualmente a la empresa.<\/p><\/div><\/div><\/div><\/div><\/div><div class=\"wpb_column vc_column_container vc_col-sm-2\"><div class=\"vc_column-inner\"><div class=\"wpb_wrapper\"><h2>Informaci\u00f3n jur\u00eddica<\/h2><\/div><\/div><\/div><\/div><div class=\"vc_row wpb_row vc_row-fluid\"><div class=\"wpb_column vc_column_container vc_col-sm-12\"><div class=\"vc_column-inner\"><div class=\"wpb_wrapper\"><div class=\"wpb_text_column wpb_content_element\"><div class=\"wpb_wrapper\"><p>Lea atentamente estas condiciones de uso antes de utilizar este sitio. Al conectarse a este sitio, acepta sin reservas estas condiciones.<\/p><p>1.1.1 Editor del sitio<\/p><p>La Cyclerie L\u00e9on: 27 place du docteur Dufau, 40550 L\u00e9on.<\/p><p>Correo electr\u00f3nico : lacyclerie.leon@gmail.com\u00a0<\/p><p>1.1.2 Condiciones de uso<\/p><p>El sitio accesible a trav\u00e9s de las siguientes URL: https:\/\/lacyclerie-leon.fr funciona de conformidad con la legislaci\u00f3n francesa. El uso de este sitio se rige por las presentes condiciones. Al utilizar el sitio, reconoce haber le\u00eddo y aceptado estas condiciones. La Cyclerie L\u00e9on podr\u00e1 modificarlas en cualquier momento y sin previo aviso.<br \/>Cyclerie L\u00e9on no se hace responsable en ning\u00fan caso del uso indebido del servicio.<\/p><p>1.2 Limitaci\u00f3n de responsabilidad<\/p><p>La informaci\u00f3n contenida en este sitio es lo m\u00e1s exacta posible y se actualiza peri\u00f3dicamente, pero puede contener inexactitudes, omisiones o lagunas. Si observa una laguna, un error o lo que parece ser un mal funcionamiento, le rogamos que nos lo comunique por correo electr\u00f3nico, describiendo el problema con la mayor precisi\u00f3n posible (p\u00e1gina causante del problema, acci\u00f3n desencadenante, tipo de ordenador y navegador utilizados, etc.).<\/p><p>Cualquier contenido descargado se hace por cuenta y riesgo del usuario y bajo su exclusiva responsabilidad. En consecuencia, La Cyclerie L\u00e9on no podr\u00e1 ser considerada responsable de los da\u00f1os causados al ordenador del usuario ni de las p\u00e9rdidas de datos resultantes de la descarga.<\/p><p>Las fotos no son contractuales.<\/p><p>La Cyclerie Leon no se hace responsable de los enlaces de hipertexto establecidos en este sitio web con otros recursos de Internet.<\/p><p>1.3 Litigios<\/p><p>Las presentes condiciones generales se rigen por la legislaci\u00f3n francesa y cualquier litigio derivado de su interpretaci\u00f3n o ejecuci\u00f3n deber\u00e1 someterse a los tribunales competentes. La lengua de referencia para la resoluci\u00f3n de cualquier litigio ser\u00e1 el franc\u00e9s.<\/p><p>1.4.1 Declaraci\u00f3n a la CNIL<\/p><p>De conformidad con la Ley 78-17 de 6 de enero de 1978 (modificada por la Ley 2004-801 de 6 de agosto de 2004 relativa a la protecci\u00f3n de las personas f\u00edsicas en lo que respecta al tratamiento de datos personales) sobre la inform\u00e1tica, los ficheros y las libertades, el sitio ha sido registrado en la Commission nationale de l'informatique et des libert\u00e9s (www.cnil.fr). N\u00famero de registro<\/p><p>1.4.2 Derecho de acceso<\/p><p>En aplicaci\u00f3n de esta ley, los internautas disponen de un derecho de acceso, rectificaci\u00f3n, modificaci\u00f3n y supresi\u00f3n de los datos que les conciernen personalmente. Este derecho puede ejercerse por correo postal a SARL La Cyclerie Leon, 27 place du docteur Dufau, 40550 L\u00e9on.<br \/>Los datos personales recogidos no se transmitir\u00e1n en ning\u00fan caso a terceros, salvo para la ejecuci\u00f3n del servicio solicitado por el internauta.<\/p><p>1.4.3 Finalidad<\/p><p>La informaci\u00f3n recabada de las personas a trav\u00e9s de los distintos formularios se ajusta a la Ley francesa de Protecci\u00f3n de Datos. Le informamos de que sus respuestas, salvo indicaci\u00f3n contraria, son facultativas y que la falta de respuesta no tendr\u00e1 ninguna consecuencia particular. No obstante, sus respuestas deben ser suficientes para permitirnos llevar a cabo el servicio solicitado. Los datos tambi\u00e9n se agregan para elaborar estad\u00edsticas comerciales.<br \/>En virtud de la ley n\u00ba 2000-719 de 1 de agosto de 2000, los datos de contacto declarados por el comprador pueden comunicarse a petici\u00f3n de las autoridades judiciales.<br \/>1.4.4 Confidencialidad<\/p><p>Sus datos personales son confidenciales y en ning\u00fan caso ser\u00e1n cedidos a terceros, salvo para la prestaci\u00f3n del servicio.<br \/>1.5 Derechos de propiedad intelectual<\/p><p>Todo el contenido de este sitio, incluyendo pero no limitado a gr\u00e1ficos, im\u00e1genes, textos, v\u00eddeos, animaciones, sonidos, logotipos, gifs e iconos, as\u00ed como su disposici\u00f3n, son propiedad exclusiva de Cyclerie L\u00e9on, con la excepci\u00f3n de las marcas, logotipos o contenidos pertenecientes a otras empresas asociadas o autores.<br \/>Cualquier reproducci\u00f3n, distribuci\u00f3n, modificaci\u00f3n, adaptaci\u00f3n, retransmisi\u00f3n o publicaci\u00f3n, incluso parcial, de estos diferentes elementos est\u00e1 estrictamente prohibida sin el consentimiento expreso y por escrito de SARL La Cyclerie L\u00e9on. Esta representaci\u00f3n o reproducci\u00f3n, por cualquier medio que sea, constituye una infracci\u00f3n sancionada por los art\u00edculos L.3335-2 y siguientes del C\u00f3digo de la Propiedad Intelectual franc\u00e9s. El incumplimiento de esta prohibici\u00f3n constituye una infracci\u00f3n que puede comprometer la responsabilidad civil y penal del infractor. Adem\u00e1s, los propietarios del Contenido copiado podr\u00e1n emprender acciones legales contra usted.<\/p><p>SARL La Cyclerie L\u00e9on es el titular id\u00e9ntico de los \"derechos de los productores de bases de datos\" contemplados en el Libro III, T\u00edtulo IV, del C\u00f3digo de la Propiedad Intelectual (ley n\u00ba 98-536 de 1 de julio de 1998) relativo a los derechos de autor y a las bases de datos.<\/p><p>Los usuarios y visitantes del sitio web pueden establecer un hiperv\u00ednculo a este sitio, pero s\u00f3lo a la p\u00e1gina de inicio, a la que se puede acceder en la siguiente URL: https:\/\/lacyclerie-leon.fr, siempre que este enlace se abra en una nueva ventana. En particular, se proh\u00edbe el enlace a una subp\u00e1gina (\"enlace profundo\"), as\u00ed como la apertura de este sitio dentro de un marco (\"framing\"), sin la autorizaci\u00f3n expresa y previa de SARL La Cyclerie L\u00e9on.<\/p><p>Para cualquier solicitud de autorizaci\u00f3n o informaci\u00f3n, p\u00f3ngase en contacto con nosotros por correo electr\u00f3nico: lacyclerie.leon@gmail.com Se aplican condiciones espec\u00edficas a la prensa.<\/p><p>1,6 Marcas<\/p><p>El sitio accesible a trav\u00e9s de las siguientes urls: http:\/\/lacyclerie-leon.fr es una marca comercial de SARL La Cyclerie l\u00e9on. Las marcas son marcas registradas y propiedad exclusiva de SARL La Cyclerie l\u00e9on.<br \/>Todos los dem\u00e1s nombres de productos o empresas mencionados en este sitio son marcas registradas de sus respectivos propietarios.<br \/>Le recordamos que el registro de nombres de dominio similares a marcas anteriores (\"typo-squatting\") o la reproducci\u00f3n de meta-tags (\"position-squatting\") o el uso de marcas en meta-tags est\u00e1 penado por la ley.<\/p><p>2.1 Configuraci\u00f3n<\/p><p>Para un uso \u00f3ptimo de este servicio, le recomendamos que :<br \/>Memoria RAM de al menos 256 megabytes,<br \/>Se recomienda conexi\u00f3n ADSL (o superior),<br \/>configuraci\u00f3n de pantalla: 1024 x 768 o m\u00e1s,<br \/>Este sitio est\u00e1 optimizado para navegadores compatibles con las normas XHTML 1 y CSS (por ejemplo, Internet Explorer 6 y FireFox 1),<br \/>Para utilizarlo correctamente, su navegador debe soportar javascript.<\/p><p>2.2 Informaci\u00f3n y exclusi\u00f3n<\/p><p>SARL La Cyclerie L\u00e9on hace todo lo posible por proporcionar informaci\u00f3n fiable y actualizar sus sitios web de forma fidedigna. No obstante, pueden producirse errores u omisiones. Por lo tanto, los internautas deben comprobar la exactitud de la informaci\u00f3n proporcionada por La SARL La Cyclerie L\u00e9on y notificar a La SARL La Cyclerie L\u00e9on cualquier modificaci\u00f3n que consideren necesaria.\u00a0<\/p><p>2.3 Cookies<\/p><p>Con fines estad\u00edsticos y de visualizaci\u00f3n, este sitio utiliza cookies. Se trata de peque\u00f1os archivos de texto que se almacenan en su disco duro para registrar datos t\u00e9cnicos sobre su navegaci\u00f3n. Algunas partes de este sitio no pueden utilizarse sin aceptar las cookies.<\/p><p>2.4 Enlaces de hipertexto<\/p><p>Los sitios web de SARL La Cyclerie L\u00e9on pueden proporcionar enlaces a otros sitios web u otros recursos disponibles en Internet.<\/p><p>La Cyclerie L\u00e9on no tiene ning\u00fan medio de controlar los sitios conectados a sus sitios Internet. SARL La Cyclerie no es responsable de la disponibilidad de dichos sitios y fuentes externas, ni los garantiza. No se hace responsable de los da\u00f1os de cualquier naturaleza derivados del contenido de estos sitios o fuentes externas y, en particular, de la informaci\u00f3n, productos o servicios que ofrecen, ni del uso que pueda hacerse de estos elementos. Los riesgos asociados a esta utilizaci\u00f3n incumben plenamente al internauta, que debe respetar sus condiciones de uso.<\/p><p>Los usuarios, abonados y visitantes de los sitios web de La SARL La Cyclerie l\u00e9on no podr\u00e1n establecer un hiperenlace hacia este sitio sin la autorizaci\u00f3n previa y expresa de La SARL La Cyclerie l\u00e9on.<\/p><p>En caso de que un usuario o visitante desee establecer un hiperv\u00ednculo a uno de los sitios web de La SARL La Cyclerie L\u00e9on, deber\u00e1 enviar un correo electr\u00f3nico al sitio para solicitar que se establezca un hiperv\u00ednculo. La SARL La Cyclerie L\u00e9on se reserva el derecho de aceptar o rechazar un hiperenlace sin tener que justificar su decisi\u00f3n.<\/p><p>2.5 B\u00fasqueda<\/p><p>Adem\u00e1s, la referencia a un sitio web para completar una b\u00fasqueda no significa en modo alguno que SARL La Cyclerie L\u00e9on reconozca o acepte responsabilidad alguna por el contenido o el uso de dicho sitio.<\/p><p>2.6 Precauciones de uso<\/p><p>Por lo tanto, es responsabilidad suya tomar las precauciones necesarias para asegurarse de que lo que decida utilizar est\u00e9 libre de errores e incluso de elementos destructivos como virus, troyanos, etc.....<\/p><p>2.7 Responsabilidad civil<\/p><p>El vendedor est\u00e1 obligado a entregar los bienes de conformidad con el contrato y es responsable de cualquier falta de conformidad en el momento de la entrega.<br \/>Una garant\u00eda comercial es cualquier compromiso contractual de un profesional con un consumidor para reembolsar el precio de compra o sustituir o reparar los bienes, adem\u00e1s de sus obligaciones legales de garantizar la conformidad de los bienes.<br \/>La garant\u00eda comercial es objeto de un contrato escrito, cuya copia se entrega al comprador. El contrato especifica el contenido de la garant\u00eda, las modalidades de ejecuci\u00f3n, su precio, duraci\u00f3n, \u00e1mbito territorial y el nombre y direcci\u00f3n del garante, y reproduce el art\u00edculo L. 211-16.<br \/>Adem\u00e1s, establece de forma clara y precisa que, independientemente de la garant\u00eda comercial, el vendedor sigue siendo responsable de la garant\u00eda legal de conformidad contemplada en los art\u00edculos L. 211-4 a L. 211-13 de este c\u00f3digo y de la garant\u00eda relativa a los defectos del bien vendido, en las condiciones previstas en los art\u00edculos 1641 a 1648 y 2232 del C\u00f3digo Civil.<br \/>Se reproducen \u00edntegramente los art\u00edculos L. 211-4, L. 211-5 y L. 211-12 de este C\u00f3digo, as\u00ed como el art\u00edculo 1641 y el primer p\u00e1rrafo del art\u00edculo 1648 del C\u00f3digo Civil.<br \/>En caso de incumplimiento de estas disposiciones, la garant\u00eda seguir\u00e1 siendo v\u00e1lida. El comprador tiene derecho a hacer uso de ella.<\/p><p>2.8 Escr\u00edbanos<\/p><p>SARL La Cyclerie L\u00e9on est\u00e1 a su disposici\u00f3n para cualquier comentario o sugerencia. Puede escribirnos en franc\u00e9s por correo electr\u00f3nico a: lacyclerie.leon@gmail.co<\/p><\/div><\/div><\/div><\/div><\/div><\/div>\t\t\t\t\t\t\t\t<\/div>\n\t\t\t\t<\/div>\n\t\t\t\t\t<\/div>\n\t\t<\/div>\n\t\t\t\t\t<\/div>\n\t\t<\/section>\n\t\t\t\t<\/div>","protected":false},"excerpt":{"rendered":"<p>Mentions l\u00e9gales Propri\u00e9taire :\u00a0 \u00a0La SARL La Cyclerie L\u00e9on est propri\u00e9taire du site lacyclerie-leon.fr et de tous sous-domaines\u00a0associ\u00e9s. Adresse du si\u00e8ge social : 27 place de docteur DUFAU, 40550 L\u00e9on. Edition : le site lacyclerie-leon.fr est \u00e9dit\u00e9 par La Cyclerie L\u00e9on. RC en cours. \u00a0Adresse du si\u00e8ge social : 27 place du docteur Dufau, 40550 [&hellip;]<\/p>\n","protected":false},"author":1,"featured_media":0,"parent":0,"menu_order":0,"comment_status":"closed","ping_status":"closed","template":"","meta":{"_monsterinsights_skip_tracking":false,"_monsterinsights_sitenote_active":false,"_monsterinsights_sitenote_note":"","_monsterinsights_sitenote_category":0,"footnotes":""},"class_list":["post-412","page","type-page","status-publish","hentry","entry","owp-thumbs-layout-horizontal","owp-btn-normal","owp-tabs-layout-horizontal","has-no-thumbnails","has-product-nav"],"yoast_head":"<!-- This site is optimized with the Yoast SEO plugin v27.5 - https:\/\/yoast.com\/product\/yoast-seo-wordpress\/ -->\n<title>Mentions l\u00e9gales -<\/title>\n<meta name=\"description\" content=\"Pour tous savoir sur les mentions l\u00e9gales de La Cyclerie.\" \/>\n<meta name=\"robots\" content=\"index, follow, max-snippet:-1, max-image-preview:large, max-video-preview:-1\" \/>\n<link rel=\"canonical\" href=\"https:\/\/lacyclerie-leon.fr\/es\/mentions-legales\/\" \/>\n<meta property=\"og:locale\" content=\"es_ES\" \/>\n<meta property=\"og:type\" content=\"article\" \/>\n<meta property=\"og:title\" content=\"Mentions l\u00e9gales -\" \/>\n<meta property=\"og:description\" content=\"Pour tous savoir sur les mentions l\u00e9gales de La Cyclerie.\" \/>\n<meta property=\"og:url\" content=\"https:\/\/lacyclerie-leon.fr\/es\/mentions-legales\/\" \/>\n<meta property=\"article:publisher\" content=\"https:\/\/www.facebook.com\/lacyclerieleon\" \/>\n<meta property=\"article:modified_time\" content=\"2019-05-25T13:07:02+00:00\" \/>\n<meta name=\"twitter:card\" content=\"summary_large_image\" \/>\n<meta name=\"twitter:label1\" content=\"Tiempo de lectura\" \/>\n\t<meta name=\"twitter:data1\" content=\"12 minutos\" \/>\n<script type=\"application\/ld+json\" class=\"yoast-schema-graph\">{\"@context\":\"https:\\\/\\\/schema.org\",\"@graph\":[{\"@type\":\"WebPage\",\"@id\":\"https:\\\/\\\/lacyclerie-leon.fr\\\/mentions-legales\\\/\",\"url\":\"https:\\\/\\\/lacyclerie-leon.fr\\\/mentions-legales\\\/\",\"name\":\"Mentions l\u00e9gales -\",\"isPartOf\":{\"@id\":\"https:\\\/\\\/lacyclerie-leon.fr\\\/#website\"},\"datePublished\":\"2019-02-05T10:57:22+00:00\",\"dateModified\":\"2019-05-25T13:07:02+00:00\",\"description\":\"Pour tous savoir sur les mentions l\u00e9gales de La Cyclerie.\",\"breadcrumb\":{\"@id\":\"https:\\\/\\\/lacyclerie-leon.fr\\\/mentions-legales\\\/#breadcrumb\"},\"inLanguage\":\"es\",\"potentialAction\":[{\"@type\":\"ReadAction\",\"target\":[\"https:\\\/\\\/lacyclerie-leon.fr\\\/mentions-legales\\\/\"]}]},{\"@type\":\"BreadcrumbList\",\"@id\":\"https:\\\/\\\/lacyclerie-leon.fr\\\/mentions-legales\\\/#breadcrumb\",\"itemListElement\":[{\"@type\":\"ListItem\",\"position\":1,\"name\":\"Accueil\",\"item\":\"https:\\\/\\\/lacyclerie-leon.fr\\\/\"},{\"@type\":\"ListItem\",\"position\":2,\"name\":\"Mentions l\u00e9gales\"}]},{\"@type\":\"WebSite\",\"@id\":\"https:\\\/\\\/lacyclerie-leon.fr\\\/#website\",\"url\":\"https:\\\/\\\/lacyclerie-leon.fr\\\/\",\"name\":\"\",\"description\":\"\",\"potentialAction\":[{\"@type\":\"SearchAction\",\"target\":{\"@type\":\"EntryPoint\",\"urlTemplate\":\"https:\\\/\\\/lacyclerie-leon.fr\\\/?s={search_term_string}\"},\"query-input\":{\"@type\":\"PropertyValueSpecification\",\"valueRequired\":true,\"valueName\":\"search_term_string\"}}],\"inLanguage\":\"es\"}]}<\/script>\n<!-- \/ Yoast SEO plugin. -->","yoast_head_json":{"title":"Mentions l\u00e9gales -","description":"Pour tous savoir sur les mentions l\u00e9gales de La Cyclerie.","robots":{"index":"index","follow":"follow","max-snippet":"max-snippet:-1","max-image-preview":"max-image-preview:large","max-video-preview":"max-video-preview:-1"},"canonical":"https:\/\/lacyclerie-leon.fr\/es\/mentions-legales\/","og_locale":"es_ES","og_type":"article","og_title":"Mentions l\u00e9gales -","og_description":"Pour tous savoir sur les mentions l\u00e9gales de La Cyclerie.","og_url":"https:\/\/lacyclerie-leon.fr\/es\/mentions-legales\/","article_publisher":"https:\/\/www.facebook.com\/lacyclerieleon","article_modified_time":"2019-05-25T13:07:02+00:00","twitter_card":"summary_large_image","twitter_misc":{"Tiempo de lectura":"12 minutos"},"schema":{"@context":"https:\/\/schema.org","@graph":[{"@type":"WebPage","@id":"https:\/\/lacyclerie-leon.fr\/mentions-legales\/","url":"https:\/\/lacyclerie-leon.fr\/mentions-legales\/","name":"Mentions l\u00e9gales -","isPartOf":{"@id":"https:\/\/lacyclerie-leon.fr\/#website"},"datePublished":"2019-02-05T10:57:22+00:00","dateModified":"2019-05-25T13:07:02+00:00","description":"Pour tous savoir sur les mentions l\u00e9gales de La Cyclerie.","breadcrumb":{"@id":"https:\/\/lacyclerie-leon.fr\/mentions-legales\/#breadcrumb"},"inLanguage":"es","potentialAction":[{"@type":"ReadAction","target":["https:\/\/lacyclerie-leon.fr\/mentions-legales\/"]}]},{"@type":"BreadcrumbList","@id":"https:\/\/lacyclerie-leon.fr\/mentions-legales\/#breadcrumb","itemListElement":[{"@type":"ListItem","position":1,"name":"Accueil","item":"https:\/\/lacyclerie-leon.fr\/"},{"@type":"ListItem","position":2,"name":"Mentions l\u00e9gales"}]},{"@type":"WebSite","@id":"https:\/\/lacyclerie-leon.fr\/#website","url":"https:\/\/lacyclerie-leon.fr\/","name":"","description":"","potentialAction":[{"@type":"SearchAction","target":{"@type":"EntryPoint","urlTemplate":"https:\/\/lacyclerie-leon.fr\/?s={search_term_string}"},"query-input":{"@type":"PropertyValueSpecification","valueRequired":true,"valueName":"search_term_string"}}],"inLanguage":"es"}]}},"_links":{"self":[{"href":"http:\/\/lacyclerie-leon.fr\/es\/wp-json\/wp\/v2\/pages\/412","targetHints":{"allow":["GET"]}}],"collection":[{"href":"http:\/\/lacyclerie-leon.fr\/es\/wp-json\/wp\/v2\/pages"}],"about":[{"href":"http:\/\/lacyclerie-leon.fr\/es\/wp-json\/wp\/v2\/types\/page"}],"author":[{"embeddable":true,"href":"http:\/\/lacyclerie-leon.fr\/es\/wp-json\/wp\/v2\/users\/1"}],"replies":[{"embeddable":true,"href":"http:\/\/lacyclerie-leon.fr\/es\/wp-json\/wp\/v2\/comments?post=412"}],"version-history":[{"count":2,"href":"http:\/\/lacyclerie-leon.fr\/es\/wp-json\/wp\/v2\/pages\/412\/revisions"}],"predecessor-version":[{"id":1125,"href":"http:\/\/lacyclerie-leon.fr\/es\/wp-json\/wp\/v2\/pages\/412\/revisions\/1125"}],"wp:attachment":[{"href":"http:\/\/lacyclerie-leon.fr\/es\/wp-json\/wp\/v2\/media?parent=412"}],"curies":[{"name":"wp","href":"https:\/\/api.w.org\/{rel}","templated":true}]}}