{"id":1648,"date":"2020-03-31T18:55:46","date_gmt":"2020-03-31T16:55:46","guid":{"rendered":"https:\/\/lacyclerie-leon.fr\/?page_id=1648"},"modified":"2020-03-31T19:40:30","modified_gmt":"2020-03-31T17:40:30","slug":"preguntas-frecuentes","status":"publish","type":"page","link":"https:\/\/lacyclerie-leon.fr\/en\/preguntas-frecuentes\/","title":{"rendered":"preguntas frecuentes"},"content":{"rendered":"<div data-elementor-type=\"wp-post\" data-elementor-id=\"1648\" class=\"elementor elementor-1648\" data-elementor-post-type=\"page\">\n\t\t\t\t\t\t<section class=\"elementor-section elementor-top-section elementor-element elementor-element-78ff7a5 elementor-section-stretched elementor-section-full_width elementor-section-height-default elementor-section-height-default\" data-id=\"78ff7a5\" data-element_type=\"section\" data-e-type=\"section\" data-settings=\"{&quot;stretch_section&quot;:&quot;section-stretched&quot;}\">\n\t\t\t\t\t\t<div class=\"elementor-container elementor-column-gap-default\">\n\t\t\t\t\t<div class=\"elementor-column elementor-col-100 elementor-top-column elementor-element elementor-element-0dba889\" data-id=\"0dba889\" data-element_type=\"column\" data-e-type=\"column\">\n\t\t\t<div class=\"elementor-widget-wrap elementor-element-populated\">\n\t\t\t\t\t\t<div class=\"elementor-element elementor-element-a21aa7a elementor-widget elementor-widget-heading\" data-id=\"a21aa7a\" data-element_type=\"widget\" data-e-type=\"widget\" data-widget_type=\"heading.default\">\n\t\t\t\t<div class=\"elementor-widget-container\">\n\t\t\t\t\t<h2 class=\"elementor-heading-title elementor-size-default\">Preguntas frecuentes<\/h2>\t\t\t\t<\/div>\n\t\t\t\t<\/div>\n\t\t\t\t\t<\/div>\n\t\t<\/div>\n\t\t\t\t\t<\/div>\n\t\t<\/section>\n\t\t\t\t<section class=\"elementor-section elementor-top-section elementor-element elementor-element-5355e6b elementor-section-boxed elementor-section-height-default elementor-section-height-default\" data-id=\"5355e6b\" data-element_type=\"section\" data-e-type=\"section\">\n\t\t\t\t\t\t<div class=\"elementor-container elementor-column-gap-default\">\n\t\t\t\t\t<div class=\"elementor-column elementor-col-100 elementor-top-column elementor-element elementor-element-d7a4f29\" data-id=\"d7a4f29\" data-element_type=\"column\" data-e-type=\"column\">\n\t\t\t<div class=\"elementor-widget-wrap elementor-element-populated\">\n\t\t\t\t\t\t<div class=\"elementor-element elementor-element-de6f16b elementor-widget elementor-widget-text-editor\" data-id=\"de6f16b\" data-element_type=\"widget\" data-e-type=\"widget\" data-widget_type=\"text-editor.default\">\n\t\t\t\t<div class=\"elementor-widget-container\">\n\t\t\t\t\t\t\t\t\t<h2 id=\"tw-target-text\" class=\"tw-data-text tw-text-large tw-ta\" dir=\"ltr\" data-placeholder=\"Traduction\"><span lang=\"es\">Qu\u00e9 tipos de pago se aceptan? <\/span><\/h2><p class=\"tw-data-text tw-text-large tw-ta\" dir=\"ltr\" data-placeholder=\"Traduction\"><span lang=\"es\">Aceptamos pagos en efectivo, tarjetas de cr\u00e9dito Visa o Mastercard, cheques bancarios y cheques de vacaciones ANCV. <\/span><\/p><h2 class=\"tw-data-text tw-text-large tw-ta\" dir=\"ltr\" data-placeholder=\"Traduction\"><span lang=\"es\">Are the accessories included in the price? <\/span><\/h2><p class=\"tw-data-text tw-text-large tw-ta\" dir=\"ltr\" data-placeholder=\"Traduction\"><span lang=\"es\">S\u00ed, todos los accesorios disponibles para La Cyclerie est\u00e1n incluidos, con excepci\u00f3n de los asientos para ni\u00f1os y las canastas. And if you ever need to buy a new wheel, we'll even repair the first time it breaks on a bicycle. <\/span><\/p><h2 class=\"tw-data-text tw-text-large tw-ta\" dir=\"ltr\" data-placeholder=\"Traduction\"><span lang=\"es\">\u00bfCu\u00e1nto recoges al reservar? <\/span><\/h2><p class=\"tw-data-text tw-text-large tw-ta\" dir=\"ltr\" data-placeholder=\"Traduction\"><span lang=\"es\">En caso de reservar a trav\u00e9s de la plataforma de nuestro socio Elloha, recaudamos un dep\u00f3sito del 10% del importe total del pedido. This is our confirmation. The remainder is due when the bicycles are collected from the shop or during the home delivery. In the event of cancellation before 2 days from the date of collection of the bicycles, you may request a full refund of the deposit. Storage time will be limited in January. Hablando de pinchazos, <\/span><\/p><h2 class=\"tw-data-text tw-text-large tw-ta\" dir=\"ltr\" data-placeholder=\"Traduction\"><span lang=\"es\">\u00bfc\u00f3mo estoy cubierto por el seguro? <\/span><span lang=\"es\">\u00bfQu\u00e9 pasa si me roban la bicicleta? <\/span><\/h2><p class=\"tw-data-text tw-text-large tw-ta\" dir=\"ltr\" data-placeholder=\"Traduction\"><span lang=\"es\">El seguro lo cubre principalmente en caso de robo, pero se aplica un deducible del 30% del valor de mercado de la bicicleta. In the event of wear, this deductible is 10%. Por supuesto, si la reparaci\u00f3n de la rotura es menos importante que el costo de la franquicia, solo le cobramos por la reparaci\u00f3n. Tenga cuidado, si le roban su bicicleta, debe declararla de inmediato en la gendarmer\u00eda; de lo contrario, el seguro no se aplica. Finalmente, si no se ha suscrito al seguro, se reembolsar\u00e1 el valor total de la bicicleta en caso de robo. <\/span><\/p><h2 class=\"tw-data-text tw-text-large tw-ta\" dir=\"ltr\" data-placeholder=\"Traduction\"><span lang=\"es\">\u00bfQu\u00e9 tama\u00f1o es el adecuado para mis hijos? <\/span><\/h2><p class=\"tw-data-text tw-text-large tw-ta\" dir=\"ltr\" data-placeholder=\"Traduction\"><span lang=\"es\">Bicicletas Pitchoun de 12 \" con estabilizadores desde 3 a\u00f1os hasta 1 m Bicicletas Pitchoun de 16 \" de 4 a 7 a\u00f1os, de 1m a 1m20<\/span><\/p><p class=\"tw-data-text tw-text-large tw-ta\" dir=\"ltr\" data-placeholder=\"Traduction\"><span lang=\"es\"> (posibilidad de agregar estabilizadores) 20 \" MTB de 6 a 8 a\u00f1os, de 1m20 a 1m35 MTB 24 \" de 8 a\u00f1os a +, de 1m35 a 1m55 aprox.<\/span><\/p><h2 class=\"tw-data-text tw-text-large tw-ta\" dir=\"ltr\" data-placeholder=\"Traduction\"><span lang=\"es\"> \u00bfD\u00f3nde entregas? <\/span><\/h2><p class=\"tw-data-text tw-text-large tw-ta\" dir=\"ltr\" data-placeholder=\"Traduction\"><span lang=\"es\">Entregamos a direcciones ubicadas en los municipios de: Vielle-saint-Girons, Linxe, Moliets-and-Maa y Saint-Michel-d'escalus <\/span><\/p><h2 class=\"tw-data-text tw-text-large tw-ta\" dir=\"ltr\" data-placeholder=\"Traduction\"><span lang=\"es\">\u00bfY si me ocurre un problema mec\u00e1nico? <\/span><\/h2><p class=\"tw-data-text tw-text-large tw-ta\" dir=\"ltr\" data-placeholder=\"Traduction\"><span lang=\"es\">En caso de pinchazo u otra falla mec\u00e1nica, intente llegar a la tienda en Le\u00f3n. Si est\u00e1 demasiado lejos de Le\u00f3n, ll\u00e1menos, intentaremos encontrar una soluci\u00f3n. Lo invitamos a ir directamente al reparador o arrendador m\u00e1s cercano a donde se encuentra. No le cobrar\u00e1 nada y nosotros nos encargaremos de ello. The repair of the first pinchazo en bicicleta est\u00e1 incluida en el precio. Sin embargo, si el da\u00f1o es causado por usted, la reparaci\u00f3n ser\u00e1 a su cargo o cubierta por el seguro si la ha suscrito. <\/span><\/p><h2 class=\"tw-data-text tw-text-large tw-ta\" dir=\"ltr\" data-placeholder=\"Traduction\"><span lang=\"es\">Do you have any questions or would you like a group subscription? P\u00f3ngase en contacto con nosotros por correo electr\u00f3nico a: contact-lacyclerie-leon@gmail.com o por tel\u00e9fono al 0670469000 <\/span><\/h2><h2 dir=\"ltr\" data-placeholder=\"Traduction\">\u00a0<\/h2><h2 class=\"tw-data-text tw-text-large tw-ta\" dir=\"ltr\" data-placeholder=\"Traduction\"><span lang=\"es\">La Cyclerie dice gracias!<\/span><\/h2>\t\t\t\t\t\t\t\t<\/div>\n\t\t\t\t<\/div>\n\t\t\t\t\t<\/div>\n\t\t<\/div>\n\t\t\t\t\t<\/div>\n\t\t<\/section>\n\t\t\t\t<section class=\"elementor-section elementor-top-section elementor-element elementor-element-4308936 elementor-section-boxed elementor-section-height-default elementor-section-height-default\" data-id=\"4308936\" data-element_type=\"section\" data-e-type=\"section\">\n\t\t\t\t\t\t<div class=\"elementor-container elementor-column-gap-default\">\n\t\t\t\t\t<div class=\"elementor-column elementor-col-100 elementor-top-column elementor-element elementor-element-40aa38f\" data-id=\"40aa38f\" data-element_type=\"column\" data-e-type=\"column\">\n\t\t\t<div class=\"elementor-widget-wrap elementor-element-populated\">\n\t\t\t\t\t\t<div class=\"elementor-element elementor-element-0431380 elementor-hidden-tablet elementor-hidden-phone elementor-widget elementor-widget-image\" data-id=\"0431380\" data-element_type=\"widget\" data-e-type=\"widget\" data-widget_type=\"image.default\">\n\t\t\t\t<div class=\"elementor-widget-container\">\n\t\t\t\t\t\t\t\t\t\t\t\t\t\t\t<img fetchpriority=\"high\" decoding=\"async\" width=\"300\" height=\"300\" src=\"https:\/\/lacyclerie-leon.fr\/wp-content\/uploads\/2019\/02\/logo_lacyclerie-cmjn-1-300x300.jpg\" class=\"attachment-medium size-medium wp-image-398\" alt=\"\" srcset=\"https:\/\/lacyclerie-leon.fr\/wp-content\/uploads\/2019\/02\/logo_lacyclerie-cmjn-1-300x300.jpg 300w, https:\/\/lacyclerie-leon.fr\/wp-content\/uploads\/2019\/02\/logo_lacyclerie-cmjn-1-100x100.jpg 100w, https:\/\/lacyclerie-leon.fr\/wp-content\/uploads\/2019\/02\/logo_lacyclerie-cmjn-1-150x150.jpg 150w, https:\/\/lacyclerie-leon.fr\/wp-content\/uploads\/2019\/02\/logo_lacyclerie-cmjn-1.jpg 591w\" sizes=\"(max-width: 300px) 100vw, 300px\" \/>\t\t\t\t\t\t\t\t\t\t\t\t\t\t\t<\/div>\n\t\t\t\t<\/div>\n\t\t\t\t<div class=\"elementor-element elementor-element-a10111d elementor-widget elementor-widget-ucaddon_gradient_button\" data-id=\"a10111d\" data-element_type=\"widget\" data-e-type=\"widget\" data-widget_type=\"ucaddon_gradient_button.default\">\n\t\t\t\t<div class=\"elementor-widget-container\">\n\t\t\t\t\t\n<!-- start Gradient Button -->\n<style>\/* widget: Gradient Button *\/\n\n#uc_gradient_button_elementor_a10111d a {\n  display:inline-block;\n  text-align: center;\n  transition: 0.5s;\n  background-size: 200% auto;\n  color: white;\n \/* text-shadow: 0px 0px 10px rgba(0,0,0,0.2);*\/\n  box-shadow: 0 5px 20px rgba(0,0,0,0.15);\n  border-radius: 100px;\n   background-image: linear-gradient(to right, #FBB800 0%, #fda085 51%, #FBB800 100%);\n  text-decoration:none\n }\n\n\n#uc_gradient_button_elementor_a10111d a:hover {\n  background-position: right center; \/* change the direction of the change here *\/\n}\n\n<\/style>\n\n<div style=\"text-align:center;\" id=\"uc_gradient_button_elementor_a10111d\">\n  <a href=\"https:\/\/lacyclerie-leon.fr\/es\/reserva\/\"  class=\"gradient_button\">Reservo mi bici ya<\/a>\n<\/div>\n<!-- end Gradient Button -->\t\t\t\t<\/div>\n\t\t\t\t<\/div>\n\t\t\t\t\t<\/div>\n\t\t<\/div>\n\t\t\t\t\t<\/div>\n\t\t<\/section>\n\t\t\t\t<\/div>","protected":false},"excerpt":{"rendered":"<p>Preguntas frecuentes Qu\u00e9 tipos de pago se aceptan ? Aceptamos pagos en efectivo, tarjetas de cr\u00e9dito Visa o Mastercard, cheques bancarios y cheques de vacaciones ANCV. \u00bfLos accesorios est\u00e1n incluidos en el precio? S\u00ed, todos los accesorios disponibles para La Cyclerie est\u00e1n incluidos, con excepci\u00f3n de los asientos para ni\u00f1os y las canastas. Y si [&hellip;]<\/p>\n","protected":false},"author":2,"featured_media":0,"parent":0,"menu_order":0,"comment_status":"closed","ping_status":"closed","template":"","meta":{"_monsterinsights_skip_tracking":false,"_monsterinsights_sitenote_active":false,"_monsterinsights_sitenote_note":"","_monsterinsights_sitenote_category":0,"footnotes":""},"class_list":["post-1648","page","type-page","status-publish","hentry","entry","owp-thumbs-layout-horizontal","owp-btn-normal","owp-tabs-layout-horizontal","has-no-thumbnails","has-product-nav"],"yoast_head":"<!-- This site is optimized with the Yoast SEO plugin v27.5 - https:\/\/yoast.com\/product\/yoast-seo-wordpress\/ -->\n<title>preguntas frecuentes - Alquiler de bici en L\u00e9on (francia)<\/title>\n<meta name=\"description\" content=\"Encuentre la respuesta que necesita en nuestras &quot;preguntas frecuentes&quot;. La Cyclerie, Alquiler de bicicletas en L\u00e9on, Moliets y Vielle-St-girons\" \/>\n<meta name=\"robots\" content=\"index, follow, max-snippet:-1, max-image-preview:large, max-video-preview:-1\" \/>\n<link rel=\"canonical\" href=\"https:\/\/lacyclerie-leon.fr\/en\/preguntas-frecuentes\/\" \/>\n<meta property=\"og:locale\" content=\"en_GB\" \/>\n<meta property=\"og:type\" content=\"article\" \/>\n<meta property=\"og:title\" content=\"preguntas frecuentes - Alquiler de bici en L\u00e9on (francia)\" \/>\n<meta property=\"og:description\" content=\"Encuentre la respuesta que necesita en nuestras &quot;preguntas frecuentes&quot;. La Cyclerie, Alquiler de bicicletas en L\u00e9on, Moliets y Vielle-St-girons\" \/>\n<meta property=\"og:url\" content=\"https:\/\/lacyclerie-leon.fr\/en\/preguntas-frecuentes\/\" \/>\n<meta property=\"article:publisher\" content=\"https:\/\/www.facebook.com\/lacyclerieleon\" \/>\n<meta property=\"article:modified_time\" content=\"2020-03-31T17:40:30+00:00\" \/>\n<meta property=\"og:image\" content=\"https:\/\/lacyclerie-leon.fr\/wp-content\/uploads\/2019\/02\/logo_lacyclerie-cmjn-1-300x300.jpg\" \/>\n<meta name=\"twitter:card\" content=\"summary_large_image\" \/>\n<meta name=\"twitter:label1\" content=\"Estimated reading time\" \/>\n\t<meta name=\"twitter:data1\" content=\"2 minutes\" \/>\n<script type=\"application\/ld+json\" class=\"yoast-schema-graph\">{\"@context\":\"https:\\\/\\\/schema.org\",\"@graph\":[{\"@type\":\"WebPage\",\"@id\":\"https:\\\/\\\/lacyclerie-leon.fr\\\/es\\\/preguntas-frecuentes\\\/\",\"url\":\"https:\\\/\\\/lacyclerie-leon.fr\\\/es\\\/preguntas-frecuentes\\\/\",\"name\":\"preguntas frecuentes - Alquiler de bici en L\u00e9on (francia)\",\"isPartOf\":{\"@id\":\"https:\\\/\\\/lacyclerie-leon.fr\\\/#website\"},\"primaryImageOfPage\":{\"@id\":\"https:\\\/\\\/lacyclerie-leon.fr\\\/es\\\/preguntas-frecuentes\\\/#primaryimage\"},\"image\":{\"@id\":\"https:\\\/\\\/lacyclerie-leon.fr\\\/es\\\/preguntas-frecuentes\\\/#primaryimage\"},\"thumbnailUrl\":\"https:\\\/\\\/lacyclerie-leon.fr\\\/wp-content\\\/uploads\\\/2019\\\/02\\\/logo_lacyclerie-cmjn-1-300x300.jpg\",\"datePublished\":\"2020-03-31T16:55:46+00:00\",\"dateModified\":\"2020-03-31T17:40:30+00:00\",\"description\":\"Encuentre la respuesta que necesita en nuestras \\\"preguntas frecuentes\\\". La Cyclerie, Alquiler de bicicletas en L\u00e9on, Moliets y Vielle-St-girons\",\"breadcrumb\":{\"@id\":\"https:\\\/\\\/lacyclerie-leon.fr\\\/es\\\/preguntas-frecuentes\\\/#breadcrumb\"},\"inLanguage\":\"en-GB\",\"potentialAction\":[{\"@type\":\"ReadAction\",\"target\":[\"https:\\\/\\\/lacyclerie-leon.fr\\\/es\\\/preguntas-frecuentes\\\/\"]}]},{\"@type\":\"ImageObject\",\"inLanguage\":\"en-GB\",\"@id\":\"https:\\\/\\\/lacyclerie-leon.fr\\\/es\\\/preguntas-frecuentes\\\/#primaryimage\",\"url\":\"https:\\\/\\\/lacyclerie-leon.fr\\\/wp-content\\\/uploads\\\/2019\\\/02\\\/logo_lacyclerie-cmjn-1-300x300.jpg\",\"contentUrl\":\"https:\\\/\\\/lacyclerie-leon.fr\\\/wp-content\\\/uploads\\\/2019\\\/02\\\/logo_lacyclerie-cmjn-1-300x300.jpg\"},{\"@type\":\"BreadcrumbList\",\"@id\":\"https:\\\/\\\/lacyclerie-leon.fr\\\/es\\\/preguntas-frecuentes\\\/#breadcrumb\",\"itemListElement\":[{\"@type\":\"ListItem\",\"position\":1,\"name\":\"Accueil\",\"item\":\"https:\\\/\\\/lacyclerie-leon.fr\\\/\"},{\"@type\":\"ListItem\",\"position\":2,\"name\":\"preguntas frecuentes\"}]},{\"@type\":\"WebSite\",\"@id\":\"https:\\\/\\\/lacyclerie-leon.fr\\\/#website\",\"url\":\"https:\\\/\\\/lacyclerie-leon.fr\\\/\",\"name\":\"\",\"description\":\"\",\"potentialAction\":[{\"@type\":\"SearchAction\",\"target\":{\"@type\":\"EntryPoint\",\"urlTemplate\":\"https:\\\/\\\/lacyclerie-leon.fr\\\/?s={search_term_string}\"},\"query-input\":{\"@type\":\"PropertyValueSpecification\",\"valueRequired\":true,\"valueName\":\"search_term_string\"}}],\"inLanguage\":\"en-GB\"}]}<\/script>\n<!-- \/ Yoast SEO plugin. -->","yoast_head_json":{"title":"preguntas frecuentes - Alquiler de bici en L\u00e9on (francia)","description":"Encuentre la respuesta que necesita en nuestras \"preguntas frecuentes\". La Cyclerie, Alquiler de bicicletas en L\u00e9on, Moliets y Vielle-St-girons","robots":{"index":"index","follow":"follow","max-snippet":"max-snippet:-1","max-image-preview":"max-image-preview:large","max-video-preview":"max-video-preview:-1"},"canonical":"https:\/\/lacyclerie-leon.fr\/en\/preguntas-frecuentes\/","og_locale":"en_GB","og_type":"article","og_title":"preguntas frecuentes - Alquiler de bici en L\u00e9on (francia)","og_description":"Encuentre la respuesta que necesita en nuestras \"preguntas frecuentes\". La Cyclerie, Alquiler de bicicletas en L\u00e9on, Moliets y Vielle-St-girons","og_url":"https:\/\/lacyclerie-leon.fr\/en\/preguntas-frecuentes\/","article_publisher":"https:\/\/www.facebook.com\/lacyclerieleon","article_modified_time":"2020-03-31T17:40:30+00:00","og_image":[{"url":"https:\/\/lacyclerie-leon.fr\/wp-content\/uploads\/2019\/02\/logo_lacyclerie-cmjn-1-300x300.jpg","type":"","width":"","height":""}],"twitter_card":"summary_large_image","twitter_misc":{"Estimated reading time":"2 minutes"},"schema":{"@context":"https:\/\/schema.org","@graph":[{"@type":"WebPage","@id":"https:\/\/lacyclerie-leon.fr\/es\/preguntas-frecuentes\/","url":"https:\/\/lacyclerie-leon.fr\/es\/preguntas-frecuentes\/","name":"preguntas frecuentes - Alquiler de bici en L\u00e9on (francia)","isPartOf":{"@id":"https:\/\/lacyclerie-leon.fr\/#website"},"primaryImageOfPage":{"@id":"https:\/\/lacyclerie-leon.fr\/es\/preguntas-frecuentes\/#primaryimage"},"image":{"@id":"https:\/\/lacyclerie-leon.fr\/es\/preguntas-frecuentes\/#primaryimage"},"thumbnailUrl":"https:\/\/lacyclerie-leon.fr\/wp-content\/uploads\/2019\/02\/logo_lacyclerie-cmjn-1-300x300.jpg","datePublished":"2020-03-31T16:55:46+00:00","dateModified":"2020-03-31T17:40:30+00:00","description":"Encuentre la respuesta que necesita en nuestras \"preguntas frecuentes\". La Cyclerie, Alquiler de bicicletas en L\u00e9on, Moliets y Vielle-St-girons","breadcrumb":{"@id":"https:\/\/lacyclerie-leon.fr\/es\/preguntas-frecuentes\/#breadcrumb"},"inLanguage":"en-GB","potentialAction":[{"@type":"ReadAction","target":["https:\/\/lacyclerie-leon.fr\/es\/preguntas-frecuentes\/"]}]},{"@type":"ImageObject","inLanguage":"en-GB","@id":"https:\/\/lacyclerie-leon.fr\/es\/preguntas-frecuentes\/#primaryimage","url":"https:\/\/lacyclerie-leon.fr\/wp-content\/uploads\/2019\/02\/logo_lacyclerie-cmjn-1-300x300.jpg","contentUrl":"https:\/\/lacyclerie-leon.fr\/wp-content\/uploads\/2019\/02\/logo_lacyclerie-cmjn-1-300x300.jpg"},{"@type":"BreadcrumbList","@id":"https:\/\/lacyclerie-leon.fr\/es\/preguntas-frecuentes\/#breadcrumb","itemListElement":[{"@type":"ListItem","position":1,"name":"Accueil","item":"https:\/\/lacyclerie-leon.fr\/"},{"@type":"ListItem","position":2,"name":"preguntas frecuentes"}]},{"@type":"WebSite","@id":"https:\/\/lacyclerie-leon.fr\/#website","url":"https:\/\/lacyclerie-leon.fr\/","name":"","description":"","potentialAction":[{"@type":"SearchAction","target":{"@type":"EntryPoint","urlTemplate":"https:\/\/lacyclerie-leon.fr\/?s={search_term_string}"},"query-input":{"@type":"PropertyValueSpecification","valueRequired":true,"valueName":"search_term_string"}}],"inLanguage":"en-GB"}]}},"_links":{"self":[{"href":"https:\/\/lacyclerie-leon.fr\/en\/wp-json\/wp\/v2\/pages\/1648","targetHints":{"allow":["GET"]}}],"collection":[{"href":"https:\/\/lacyclerie-leon.fr\/en\/wp-json\/wp\/v2\/pages"}],"about":[{"href":"https:\/\/lacyclerie-leon.fr\/en\/wp-json\/wp\/v2\/types\/page"}],"author":[{"embeddable":true,"href":"https:\/\/lacyclerie-leon.fr\/en\/wp-json\/wp\/v2\/users\/2"}],"replies":[{"embeddable":true,"href":"https:\/\/lacyclerie-leon.fr\/en\/wp-json\/wp\/v2\/comments?post=1648"}],"version-history":[{"count":4,"href":"https:\/\/lacyclerie-leon.fr\/en\/wp-json\/wp\/v2\/pages\/1648\/revisions"}],"predecessor-version":[{"id":1659,"href":"https:\/\/lacyclerie-leon.fr\/en\/wp-json\/wp\/v2\/pages\/1648\/revisions\/1659"}],"wp:attachment":[{"href":"https:\/\/lacyclerie-leon.fr\/en\/wp-json\/wp\/v2\/media?parent=1648"}],"curies":[{"name":"wp","href":"https:\/\/api.w.org\/{rel}","templated":true}]}}