{"id":771,"date":"2019-03-14T16:50:17","date_gmt":"2019-03-14T15:50:17","guid":{"rendered":"https:\/\/lacyclerie-leon.fr\/?page_id=771"},"modified":"2020-03-31T18:49:10","modified_gmt":"2020-03-31T16:49:10","slug":"frequently-asked-questions","status":"publish","type":"page","link":"https:\/\/lacyclerie-leon.fr\/es\/frequently-asked-questions\/","title":{"rendered":"Preguntas m\u00e1s frecuentes"},"content":{"rendered":"<div data-elementor-type=\"wp-post\" data-elementor-id=\"771\" class=\"elementor elementor-771\" data-elementor-post-type=\"page\">\n\t\t\t\t\t\t<section class=\"elementor-section elementor-top-section elementor-element elementor-element-78ff7a5 elementor-section-stretched elementor-section-full_width elementor-section-height-default elementor-section-height-default\" data-id=\"78ff7a5\" data-element_type=\"section\" data-e-type=\"section\" data-settings=\"{&quot;stretch_section&quot;:&quot;section-stretched&quot;}\">\n\t\t\t\t\t\t<div class=\"elementor-container elementor-column-gap-default\">\n\t\t\t\t\t<div class=\"elementor-column elementor-col-100 elementor-top-column elementor-element elementor-element-0dba889\" data-id=\"0dba889\" data-element_type=\"column\" data-e-type=\"column\">\n\t\t\t<div class=\"elementor-widget-wrap elementor-element-populated\">\n\t\t\t\t\t\t<div class=\"elementor-element elementor-element-a21aa7a elementor-widget elementor-widget-heading\" data-id=\"a21aa7a\" data-element_type=\"widget\" data-e-type=\"widget\" data-widget_type=\"heading.default\">\n\t\t\t\t<div class=\"elementor-widget-container\">\n\t\t\t\t\t<h2 class=\"elementor-heading-title elementor-size-default\">Preguntas frecuentes<\/h2>\t\t\t\t<\/div>\n\t\t\t\t<\/div>\n\t\t\t\t\t<\/div>\n\t\t<\/div>\n\t\t\t\t\t<\/div>\n\t\t<\/section>\n\t\t\t\t<section class=\"elementor-section elementor-top-section elementor-element elementor-element-5355e6b elementor-section-boxed elementor-section-height-default elementor-section-height-default\" data-id=\"5355e6b\" data-element_type=\"section\" data-e-type=\"section\">\n\t\t\t\t\t\t<div class=\"elementor-container elementor-column-gap-default\">\n\t\t\t\t\t<div class=\"elementor-column elementor-col-100 elementor-top-column elementor-element elementor-element-d7a4f29\" data-id=\"d7a4f29\" data-element_type=\"column\" data-e-type=\"column\">\n\t\t\t<div class=\"elementor-widget-wrap elementor-element-populated\">\n\t\t\t\t\t\t<div class=\"elementor-element elementor-element-de6f16b elementor-widget elementor-widget-text-editor\" data-id=\"de6f16b\" data-element_type=\"widget\" data-e-type=\"widget\" data-widget_type=\"text-editor.default\">\n\t\t\t\t<div class=\"elementor-widget-container\">\n\t\t\t\t\t\t\t\t\t<h2>\u00bfQu\u00e9 formas de pago aceptan?<\/h2><p>Aceptamos pagos en efectivo, tarjetas de cr\u00e9dito Visa o Mastercard, cheques bancarios y cheque de vacaciones de ANCV.<\/p><h2>\u00bfLos accesorios est\u00e1n incluidos en el precio?<\/h2><p>S\u00ed, todos los accesorios disponibles en La Cyclerie est\u00e1n incluidos, a excepci\u00f3n de los asientos para ni\u00f1os y las cestas. Y si llegas a reventar una rueda, la reparaci\u00f3n del primer pinchazo en bicicleta tambi\u00e9n est\u00e1 incluida.<\/p><h2>\u00bfCu\u00e1nto se recoge al hacer la reserva?<\/h2><p>En caso de reserva a trav\u00e9s de la plataforma de nuestro socio Elloha, recogemos un dep\u00f3sito de 10% del importe total del pedido. Esto como confirmaci\u00f3n. El resto se abona al retirar las bicicletas en la tienda o durante la entrega a domicilio. En caso de cancelaci\u00f3n antes de 2 d\u00edas de la fecha de retirada de las bicicletas, puede solicitar el reembolso total del dep\u00f3sito. El plazo de entrega ser\u00e1 limitado en verano.<\/p><h2>Hablando de pinchazos, \u00bfc\u00f3mo me cubre el seguro? Qu\u00e9 pasa si me roban la bici?<\/h2><p>El seguro te cubre principalmente en caso de robo, pero se aplica una franquicia de 30% del valor de mercado de la moto. En caso de rotura, esta franquicia es de 10%. Por supuesto, si la reparaci\u00f3n de la rotura es menos importante que el coste de la franquicia, s\u00f3lo te cobramos la reparaci\u00f3n. Atenci\u00f3n, si le roban la moto, debe declararlo inmediatamente en la gendarmer\u00eda, de lo contrario el seguro no se aplica. Por \u00faltimo, si no ha suscrito el seguro, se le reembolsar\u00e1 el valor total de la bicicleta en caso de robo.<\/p><h2>\u00bfQu\u00e9 talla es la adecuada para mis hijos?<\/h2><p>Bicicletas de paseo de 12 \" con estabilizadores desde 3 a\u00f1os hasta 1m<\/p><p>Bicicletas de paseo de 16\u2033 de 4 a 7 a\u00f1os, de 1m a 1m20 (posibilidad de a\u00f1adir estabilizadores).<\/p><p>20 \" MTB de 6 a 8 a\u00f1os, de 1m20 a 1m35 MTB<\/p><p>24 \" de 8 a\u00f1os a +, de 1m35 a 1m55 aprox.\u00a0<\/p><h2>\u00bfD\u00f3nde hacen las entregas?<\/h2><p>Entregamos en direcciones situadas en los municipios de: Vielle-saint-Girons, Linxe, Moliets-and-Maa y Saint-Michel-d'escalus<\/p><h2>\u00bfY si me ocurre un fallo mec\u00e1nico?<\/h2><p>En caso de pinchazo u otro fallo mec\u00e1nico intente llegar a la tienda de Le\u00f3n . Si est\u00e1s demasiado lejos de Le\u00f3n, ll\u00e1manos, intentaremos encontrar una soluci\u00f3n. Te invitamos a que acudas directamente al taller o arrendador m\u00e1s cercano a donde te encuentres. No te cobrar\u00e1 nada y nosotros nos haremos cargo. La reparaci\u00f3n del primer pinchazo en bicicleta est\u00e1 incluida en el precio. Sin embargo, si el da\u00f1o lo has causado t\u00fa, la reparaci\u00f3n correr\u00e1 a tu cargo o la cubrir\u00e1 el seguro si lo has suscrito.<\/p><h3>\u00bfTiene m\u00e1s preguntas? \u00bfDesea un presupuesto para un grupo? P\u00f3ngase en contacto con nosotros por correo electr\u00f3nico en: contact-lacyclerie-leon@gmail.com o por tel\u00e9fono en 0670469000 \u00a1La Cyclerie le da las gracias!<\/h3>\t\t\t\t\t\t\t\t<\/div>\n\t\t\t\t<\/div>\n\t\t\t\t\t<\/div>\n\t\t<\/div>\n\t\t\t\t\t<\/div>\n\t\t<\/section>\n\t\t\t\t<section class=\"elementor-section elementor-top-section elementor-element elementor-element-4308936 elementor-section-boxed elementor-section-height-default elementor-section-height-default\" data-id=\"4308936\" data-element_type=\"section\" data-e-type=\"section\">\n\t\t\t\t\t\t<div class=\"elementor-container elementor-column-gap-default\">\n\t\t\t\t\t<div class=\"elementor-column elementor-col-100 elementor-top-column elementor-element elementor-element-40aa38f\" data-id=\"40aa38f\" data-element_type=\"column\" data-e-type=\"column\">\n\t\t\t<div class=\"elementor-widget-wrap elementor-element-populated\">\n\t\t\t\t\t\t<div class=\"elementor-element elementor-element-0431380 elementor-hidden-tablet elementor-hidden-phone elementor-widget elementor-widget-image\" data-id=\"0431380\" data-element_type=\"widget\" data-e-type=\"widget\" data-widget_type=\"image.default\">\n\t\t\t\t<div class=\"elementor-widget-container\">\n\t\t\t\t\t\t\t\t\t\t\t\t\t\t\t<img fetchpriority=\"high\" decoding=\"async\" width=\"300\" height=\"300\" src=\"https:\/\/lacyclerie-leon.fr\/wp-content\/uploads\/2019\/02\/logo_lacyclerie-cmjn-1-300x300.jpg\" class=\"attachment-medium size-medium wp-image-398\" alt=\"\" srcset=\"https:\/\/lacyclerie-leon.fr\/wp-content\/uploads\/2019\/02\/logo_lacyclerie-cmjn-1-300x300.jpg 300w, https:\/\/lacyclerie-leon.fr\/wp-content\/uploads\/2019\/02\/logo_lacyclerie-cmjn-1-100x100.jpg 100w, https:\/\/lacyclerie-leon.fr\/wp-content\/uploads\/2019\/02\/logo_lacyclerie-cmjn-1-150x150.jpg 150w, https:\/\/lacyclerie-leon.fr\/wp-content\/uploads\/2019\/02\/logo_lacyclerie-cmjn-1.jpg 591w\" sizes=\"(max-width: 300px) 100vw, 300px\" \/>\t\t\t\t\t\t\t\t\t\t\t\t\t\t\t<\/div>\n\t\t\t\t<\/div>\n\t\t\t\t<div class=\"elementor-element elementor-element-a10111d elementor-widget elementor-widget-ucaddon_gradient_button\" data-id=\"a10111d\" data-element_type=\"widget\" data-e-type=\"widget\" data-widget_type=\"ucaddon_gradient_button.default\">\n\t\t\t\t<div class=\"elementor-widget-container\">\n\t\t\t\t\t\n<!-- start Gradient Button -->\n<style>\/* widget: Gradient Button *\/\n\n#uc_gradient_button_elementor_a10111d a {\n  display:inline-block;\n  text-align: center;\n  transition: 0.5s;\n  background-size: 200% auto;\n  color: white;\n \/* text-shadow: 0px 0px 10px rgba(0,0,0,0.2);*\/\n  box-shadow: 0 5px 20px rgba(0,0,0,0.15);\n  border-radius: 100px;\n   background-image: linear-gradient(to right, #FBB800 0%, #fda085 51%, #FBB800 100%);\n  text-decoration:none\n }\n\n\n#uc_gradient_button_elementor_a10111d a:hover {\n  background-position: right center; \/* change the direction of the change here *\/\n}\n\n<\/style>\n\n<div style=\"text-align:center;\" id=\"uc_gradient_button_elementor_a10111d\">\n  <a href=\"https:\/\/lacyclerie-leon.fr\/en\/book-now\/\"  class=\"gradient_button\">Reservo mi moto ahora<\/a>\n<\/div>\n<!-- end Gradient Button -->\t\t\t\t<\/div>\n\t\t\t\t<\/div>\n\t\t\t\t\t<\/div>\n\t\t<\/div>\n\t\t\t\t\t<\/div>\n\t\t<\/section>\n\t\t\t\t<\/div>","protected":false},"excerpt":{"rendered":"<p>Frequently Asked Questions What types of payment do you accept ? We accept cash payments, Visa or Mastercard credit cards, bank checks and ANCV holiday check. Are accessories included in the price ? Yes, all accessories available to La Cyclerie are included with the exception of child seats and baskets. And if you come to [&hellip;]<\/p>\n","protected":false},"author":2,"featured_media":0,"parent":0,"menu_order":0,"comment_status":"closed","ping_status":"closed","template":"","meta":{"_monsterinsights_skip_tracking":false,"_monsterinsights_sitenote_active":false,"_monsterinsights_sitenote_note":"","_monsterinsights_sitenote_category":0,"footnotes":""},"class_list":["post-771","page","type-page","status-publish","hentry","entry","owp-thumbs-layout-horizontal","owp-btn-normal","owp-tabs-layout-horizontal","has-no-thumbnails","has-product-nav"],"yoast_head":"<!-- This site is optimized with the Yoast SEO plugin v27.5 - https:\/\/yoast.com\/product\/yoast-seo-wordpress\/ -->\n<title>Frequently asked questions - Bike rental in L\u00e9on<\/title>\n<meta name=\"description\" content=\"Find the answer you need in our &quot;frequently asked questions&quot;. La Cyclerie, Bike rental in L\u00e9on, Moliets and Vielle-St-girons\" \/>\n<meta name=\"robots\" content=\"index, follow, max-snippet:-1, max-image-preview:large, max-video-preview:-1\" \/>\n<link rel=\"canonical\" href=\"https:\/\/lacyclerie-leon.fr\/es\/frequently-asked-questions\/\" \/>\n<meta property=\"og:locale\" content=\"es_ES\" \/>\n<meta property=\"og:type\" content=\"article\" \/>\n<meta property=\"og:title\" content=\"Frequently asked questions - Bike rental in L\u00e9on\" \/>\n<meta property=\"og:description\" content=\"Find the answer you need in our &quot;frequently asked questions&quot;. La Cyclerie, Bike rental in L\u00e9on, Moliets and Vielle-St-girons\" \/>\n<meta property=\"og:url\" content=\"https:\/\/lacyclerie-leon.fr\/es\/frequently-asked-questions\/\" \/>\n<meta property=\"article:publisher\" content=\"https:\/\/www.facebook.com\/lacyclerieleon\" \/>\n<meta property=\"article:modified_time\" content=\"2020-03-31T16:49:10+00:00\" \/>\n<meta property=\"og:image\" content=\"https:\/\/lacyclerie-leon.fr\/wp-content\/uploads\/2019\/02\/logo_lacyclerie-cmjn-1-300x300.jpg\" \/>\n<meta name=\"twitter:card\" content=\"summary_large_image\" \/>\n<meta name=\"twitter:label1\" content=\"Tiempo de lectura\" \/>\n\t<meta name=\"twitter:data1\" content=\"2 minutos\" \/>\n<script type=\"application\/ld+json\" class=\"yoast-schema-graph\">{\"@context\":\"https:\\\/\\\/schema.org\",\"@graph\":[{\"@type\":\"WebPage\",\"@id\":\"https:\\\/\\\/lacyclerie-leon.fr\\\/en\\\/frequently-asked-questions\\\/\",\"url\":\"https:\\\/\\\/lacyclerie-leon.fr\\\/en\\\/frequently-asked-questions\\\/\",\"name\":\"Frequently asked questions - Bike rental in L\u00e9on\",\"isPartOf\":{\"@id\":\"https:\\\/\\\/lacyclerie-leon.fr\\\/#website\"},\"primaryImageOfPage\":{\"@id\":\"https:\\\/\\\/lacyclerie-leon.fr\\\/en\\\/frequently-asked-questions\\\/#primaryimage\"},\"image\":{\"@id\":\"https:\\\/\\\/lacyclerie-leon.fr\\\/en\\\/frequently-asked-questions\\\/#primaryimage\"},\"thumbnailUrl\":\"https:\\\/\\\/lacyclerie-leon.fr\\\/wp-content\\\/uploads\\\/2019\\\/02\\\/logo_lacyclerie-cmjn-1-300x300.jpg\",\"datePublished\":\"2019-03-14T15:50:17+00:00\",\"dateModified\":\"2020-03-31T16:49:10+00:00\",\"description\":\"Find the answer you need in our \\\"frequently asked questions\\\". La Cyclerie, Bike rental in L\u00e9on, Moliets and Vielle-St-girons\",\"breadcrumb\":{\"@id\":\"https:\\\/\\\/lacyclerie-leon.fr\\\/en\\\/frequently-asked-questions\\\/#breadcrumb\"},\"inLanguage\":\"es\",\"potentialAction\":[{\"@type\":\"ReadAction\",\"target\":[\"https:\\\/\\\/lacyclerie-leon.fr\\\/en\\\/frequently-asked-questions\\\/\"]}]},{\"@type\":\"ImageObject\",\"inLanguage\":\"es\",\"@id\":\"https:\\\/\\\/lacyclerie-leon.fr\\\/en\\\/frequently-asked-questions\\\/#primaryimage\",\"url\":\"https:\\\/\\\/lacyclerie-leon.fr\\\/wp-content\\\/uploads\\\/2019\\\/02\\\/logo_lacyclerie-cmjn-1-300x300.jpg\",\"contentUrl\":\"https:\\\/\\\/lacyclerie-leon.fr\\\/wp-content\\\/uploads\\\/2019\\\/02\\\/logo_lacyclerie-cmjn-1-300x300.jpg\"},{\"@type\":\"BreadcrumbList\",\"@id\":\"https:\\\/\\\/lacyclerie-leon.fr\\\/en\\\/frequently-asked-questions\\\/#breadcrumb\",\"itemListElement\":[{\"@type\":\"ListItem\",\"position\":1,\"name\":\"Accueil\",\"item\":\"https:\\\/\\\/lacyclerie-leon.fr\\\/\"},{\"@type\":\"ListItem\",\"position\":2,\"name\":\"Frequently asked questions\"}]},{\"@type\":\"WebSite\",\"@id\":\"https:\\\/\\\/lacyclerie-leon.fr\\\/#website\",\"url\":\"https:\\\/\\\/lacyclerie-leon.fr\\\/\",\"name\":\"\",\"description\":\"\",\"potentialAction\":[{\"@type\":\"SearchAction\",\"target\":{\"@type\":\"EntryPoint\",\"urlTemplate\":\"https:\\\/\\\/lacyclerie-leon.fr\\\/?s={search_term_string}\"},\"query-input\":{\"@type\":\"PropertyValueSpecification\",\"valueRequired\":true,\"valueName\":\"search_term_string\"}}],\"inLanguage\":\"es\"}]}<\/script>\n<!-- \/ Yoast SEO plugin. -->","yoast_head_json":{"title":"Frequently asked questions - Bike rental in L\u00e9on","description":"Find the answer you need in our \"frequently asked questions\". La Cyclerie, Bike rental in L\u00e9on, Moliets and Vielle-St-girons","robots":{"index":"index","follow":"follow","max-snippet":"max-snippet:-1","max-image-preview":"max-image-preview:large","max-video-preview":"max-video-preview:-1"},"canonical":"https:\/\/lacyclerie-leon.fr\/es\/frequently-asked-questions\/","og_locale":"es_ES","og_type":"article","og_title":"Frequently asked questions - Bike rental in L\u00e9on","og_description":"Find the answer you need in our \"frequently asked questions\". La Cyclerie, Bike rental in L\u00e9on, Moliets and Vielle-St-girons","og_url":"https:\/\/lacyclerie-leon.fr\/es\/frequently-asked-questions\/","article_publisher":"https:\/\/www.facebook.com\/lacyclerieleon","article_modified_time":"2020-03-31T16:49:10+00:00","og_image":[{"url":"https:\/\/lacyclerie-leon.fr\/wp-content\/uploads\/2019\/02\/logo_lacyclerie-cmjn-1-300x300.jpg","type":"","width":"","height":""}],"twitter_card":"summary_large_image","twitter_misc":{"Tiempo de lectura":"2 minutos"},"schema":{"@context":"https:\/\/schema.org","@graph":[{"@type":"WebPage","@id":"https:\/\/lacyclerie-leon.fr\/en\/frequently-asked-questions\/","url":"https:\/\/lacyclerie-leon.fr\/en\/frequently-asked-questions\/","name":"Frequently asked questions - Bike rental in L\u00e9on","isPartOf":{"@id":"https:\/\/lacyclerie-leon.fr\/#website"},"primaryImageOfPage":{"@id":"https:\/\/lacyclerie-leon.fr\/en\/frequently-asked-questions\/#primaryimage"},"image":{"@id":"https:\/\/lacyclerie-leon.fr\/en\/frequently-asked-questions\/#primaryimage"},"thumbnailUrl":"https:\/\/lacyclerie-leon.fr\/wp-content\/uploads\/2019\/02\/logo_lacyclerie-cmjn-1-300x300.jpg","datePublished":"2019-03-14T15:50:17+00:00","dateModified":"2020-03-31T16:49:10+00:00","description":"Find the answer you need in our \"frequently asked questions\". La Cyclerie, Bike rental in L\u00e9on, Moliets and Vielle-St-girons","breadcrumb":{"@id":"https:\/\/lacyclerie-leon.fr\/en\/frequently-asked-questions\/#breadcrumb"},"inLanguage":"es","potentialAction":[{"@type":"ReadAction","target":["https:\/\/lacyclerie-leon.fr\/en\/frequently-asked-questions\/"]}]},{"@type":"ImageObject","inLanguage":"es","@id":"https:\/\/lacyclerie-leon.fr\/en\/frequently-asked-questions\/#primaryimage","url":"https:\/\/lacyclerie-leon.fr\/wp-content\/uploads\/2019\/02\/logo_lacyclerie-cmjn-1-300x300.jpg","contentUrl":"https:\/\/lacyclerie-leon.fr\/wp-content\/uploads\/2019\/02\/logo_lacyclerie-cmjn-1-300x300.jpg"},{"@type":"BreadcrumbList","@id":"https:\/\/lacyclerie-leon.fr\/en\/frequently-asked-questions\/#breadcrumb","itemListElement":[{"@type":"ListItem","position":1,"name":"Accueil","item":"https:\/\/lacyclerie-leon.fr\/"},{"@type":"ListItem","position":2,"name":"Frequently asked questions"}]},{"@type":"WebSite","@id":"https:\/\/lacyclerie-leon.fr\/#website","url":"https:\/\/lacyclerie-leon.fr\/","name":"","description":"","potentialAction":[{"@type":"SearchAction","target":{"@type":"EntryPoint","urlTemplate":"https:\/\/lacyclerie-leon.fr\/?s={search_term_string}"},"query-input":{"@type":"PropertyValueSpecification","valueRequired":true,"valueName":"search_term_string"}}],"inLanguage":"es"}]}},"_links":{"self":[{"href":"https:\/\/lacyclerie-leon.fr\/es\/wp-json\/wp\/v2\/pages\/771","targetHints":{"allow":["GET"]}}],"collection":[{"href":"https:\/\/lacyclerie-leon.fr\/es\/wp-json\/wp\/v2\/pages"}],"about":[{"href":"https:\/\/lacyclerie-leon.fr\/es\/wp-json\/wp\/v2\/types\/page"}],"author":[{"embeddable":true,"href":"https:\/\/lacyclerie-leon.fr\/es\/wp-json\/wp\/v2\/users\/2"}],"replies":[{"embeddable":true,"href":"https:\/\/lacyclerie-leon.fr\/es\/wp-json\/wp\/v2\/comments?post=771"}],"version-history":[{"count":6,"href":"https:\/\/lacyclerie-leon.fr\/es\/wp-json\/wp\/v2\/pages\/771\/revisions"}],"predecessor-version":[{"id":1647,"href":"https:\/\/lacyclerie-leon.fr\/es\/wp-json\/wp\/v2\/pages\/771\/revisions\/1647"}],"wp:attachment":[{"href":"https:\/\/lacyclerie-leon.fr\/es\/wp-json\/wp\/v2\/media?parent=771"}],"curies":[{"name":"wp","href":"https:\/\/api.w.org\/{rel}","templated":true}]}}